{"id":5592,"date":"2016-12-05T09:17:34","date_gmt":"2016-12-05T09:17:34","guid":{"rendered":"https:\/\/demo.wpzoom.com\/inspiro\/?page_id=5592"},"modified":"2026-04-03T12:46:11","modified_gmt":"2026-04-03T10:46:11","slug":"about","status":"publish","type":"page","link":"https:\/\/alumni.faa.ro\/index.php\/about\/","title":{"rendered":"About"},"content":{"rendered":"\n<div class=\"wp-block-group has-global-padding is-layout-constrained wp-container-core-group-is-layout-3a820303 wp-block-group-is-layout-constrained\" style=\"padding-right:var(--wp--preset--spacing--small);padding-left:var(--wp--preset--spacing--small)\">\n<div style=\"height:176px\" aria-hidden=\"true\" class=\"wp-block-spacer\"><\/div>\n\n\n\n<h2 class=\"wp-block-heading has-large-font-size\" id=\"inspiro-is-a-digital-product-agency-that-focuses-on-strategy-and-design\" style=\"font-style:normal;font-weight:100\"><strong>Oportunit\u0103\u021bi pe pia\u021ba muncii<\/strong><\/h2>\n\n\n\n<h2 class=\"wp-block-heading\"><br>\u00cen aceast\u0103 sec\u021biune vor fi publicate oportunit\u0103\u021bi de angajare, internshipuri \u0219i stagii de practic\u0103 oferite de absolven\u021bi, parteneri \u0219i organiza\u021bii colaboratoare ale Facult\u0103\u021bii de Administra\u021bie \u0219i Afaceri. Asocia\u021bia faciliteaz\u0103 promovarea acestor oportunit\u0103\u021bi, f\u0103r\u0103 a interveni \u00een procesul de<\/h2>\n\n\n\n<div style=\"height:54px\" aria-hidden=\"true\" class=\"wp-block-spacer\"><\/div>\n\n\n\n<div class=\"wp-block-columns is-layout-flex wp-container-core-columns-is-layout-28f84493 wp-block-columns-is-layout-flex\">\n<div class=\"wp-block-column is-layout-flow wp-block-column-is-layout-flow\">\n<figure class=\"wp-block-image aligncenter size-full is-resized\"><img fetchpriority=\"high\" decoding=\"async\" width=\"1000\" height=\"1000\" src=\"https:\/\/alumni.faa.ro\/wp-content\/uploads\/2026\/03\/Logo-FAA.png\" alt=\"\" class=\"wp-image-51\" style=\"width:212px;height:auto\" srcset=\"https:\/\/alumni.faa.ro\/wp-content\/uploads\/2026\/03\/Logo-FAA.png 1000w, https:\/\/alumni.faa.ro\/wp-content\/uploads\/2026\/03\/Logo-FAA-300x300.png 300w, https:\/\/alumni.faa.ro\/wp-content\/uploads\/2026\/03\/Logo-FAA-150x150.png 150w, https:\/\/alumni.faa.ro\/wp-content\/uploads\/2026\/03\/Logo-FAA-768x768.png 768w\" sizes=\"(max-width: 1000px) 100vw, 1000px\" \/><\/figure>\n\n\n\n<h3 class=\"wp-block-heading has-black-color has-text-color has-medium-font-size\">Oportunit\u0103\u021bi de angajare<\/h3>\n\n\n\n<p class=\"has-text-color\" style=\"color:#7a7a7a\">This is some dummy copy. You\u2019re not really supposed to read this dummy copy, it is just a place holder for people who need some type to visualize what the actual copy might look like if it were real content.<\/p>\n<\/div>\n\n\n\n<div class=\"wp-block-column is-layout-flow wp-block-column-is-layout-flow\">\n<figure class=\"wp-block-image aligncenter size-full is-resized\"><img decoding=\"async\" width=\"1000\" height=\"1000\" src=\"https:\/\/alumni.faa.ro\/wp-content\/uploads\/2026\/03\/Logo-FAA.png\" alt=\"\" class=\"wp-image-51\" style=\"width:213px;height:auto\" srcset=\"https:\/\/alumni.faa.ro\/wp-content\/uploads\/2026\/03\/Logo-FAA.png 1000w, https:\/\/alumni.faa.ro\/wp-content\/uploads\/2026\/03\/Logo-FAA-300x300.png 300w, https:\/\/alumni.faa.ro\/wp-content\/uploads\/2026\/03\/Logo-FAA-150x150.png 150w, https:\/\/alumni.faa.ro\/wp-content\/uploads\/2026\/03\/Logo-FAA-768x768.png 768w\" sizes=\"(max-width: 1000px) 100vw, 1000px\" \/><\/figure>\n\n\n\n<h3 class=\"wp-block-heading has-black-color has-text-color has-medium-font-size\">Internshipuri<\/h3>\n\n\n\n<p class=\"has-text-color\" style=\"color:#7a7a7a\">This is some dummy copy. You\u2019re not really supposed to read this dummy copy, it is just a place holder for people who need some type to visualize what the actual copy might look like if it were real content.<\/p>\n<\/div>\n\n\n\n<div class=\"wp-block-column is-layout-flow wp-block-column-is-layout-flow\">\n<figure class=\"wp-block-image aligncenter size-full is-resized\"><img decoding=\"async\" width=\"512\" height=\"512\" src=\"https:\/\/alumni.faa.ro\/wp-content\/uploads\/2026\/03\/cropped-Logo-FAA.png\" alt=\"\" class=\"wp-image-53\" style=\"width:214px;height:auto\" srcset=\"https:\/\/alumni.faa.ro\/wp-content\/uploads\/2026\/03\/cropped-Logo-FAA.png 512w, https:\/\/alumni.faa.ro\/wp-content\/uploads\/2026\/03\/cropped-Logo-FAA-300x300.png 300w, https:\/\/alumni.faa.ro\/wp-content\/uploads\/2026\/03\/cropped-Logo-FAA-150x150.png 150w, https:\/\/alumni.faa.ro\/wp-content\/uploads\/2026\/03\/cropped-Logo-FAA-270x270.png 270w, https:\/\/alumni.faa.ro\/wp-content\/uploads\/2026\/03\/cropped-Logo-FAA-192x192.png 192w, https:\/\/alumni.faa.ro\/wp-content\/uploads\/2026\/03\/cropped-Logo-FAA-180x180.png 180w, https:\/\/alumni.faa.ro\/wp-content\/uploads\/2026\/03\/cropped-Logo-FAA-32x32.png 32w\" sizes=\"(max-width: 512px) 100vw, 512px\" \/><\/figure>\n\n\n\n<h3 class=\"wp-block-heading has-black-color has-text-color has-medium-font-size\"><strong>S<\/strong>tagii de practic\u0103<\/h3>\n\n\n\n<p class=\"has-text-color\" style=\"color:#7a7a7a\">This is some dummy copy. You\u2019re not really supposed to read this dummy copy, it is just a place holder for people who need some type to visualize what the actual copy might look like if it were real content.<\/p>\n<\/div>\n<\/div>\n\n\n\n<div style=\"height:100px\" aria-hidden=\"true\" class=\"wp-block-spacer\"><\/div>\n\n\n\n<h3 class=\"wp-block-heading has-large-font-size\" id=\"inspiro-is-a-digital-product-agency-that-focuses-on-strategy-and-desig\" style=\"font-weight:300\"><\/h3>\n\n\n\n<div style=\"height:100px\" aria-hidden=\"true\" class=\"wp-block-spacer\"><\/div>\n<\/div>\n\n\n\n<div class=\"wp-block-group alignfull has-black-background-color has-background has-global-padding is-layout-constrained wp-block-group-is-layout-constrained\" style=\"padding-top:var(--wp--preset--spacing--medium);padding-bottom:var(--wp--preset--spacing--medium)\">\n<div class=\"wp-block-columns are-vertically-aligned-center is-layout-flex wp-container-core-columns-is-layout-28f84493 wp-block-columns-is-layout-flex\">\n<div class=\"wp-block-column is-vertically-aligned-center is-layout-flow wp-block-column-is-layout-flow\" style=\"padding-top:20px;padding-right:0px;padding-bottom:20px;padding-left:0px\">\n<div class=\"wp-block-group is-content-justification-space-between is-nowrap is-layout-flex wp-container-core-group-is-layout-bb3dfb5c wp-block-group-is-layout-flex\">\n<figure class=\"wp-block-image size-full\"><img decoding=\"async\" src=\"https:\/\/demo.wpzoom.com\/inspiro-lite-blocks-xml\/wp-content\/themes\/inspiro-lite\/assets\/images\/laurel_left.png\" alt=\"\"\/><\/figure>\n\n\n\n<div class=\"wp-block-group is-layout-flow wp-block-group-is-layout-flow\">\n<p class=\"has-text-align-center has-white-color has-text-color\" style=\"font-size:clamp(14px, 0.875rem + ((1vw - 3.2px) * 0.354), 18px);line-height:1\">Asocia\u021bia ALUMNI FAA<\/p>\n<\/div>\n\n\n\n<figure class=\"wp-block-image size-full\"><img decoding=\"async\" src=\"https:\/\/demo.wpzoom.com\/inspiro-lite-blocks-xml\/wp-content\/themes\/inspiro-lite\/assets\/images\/laurel_right.png\" alt=\"\"\/><\/figure>\n<\/div>\n<\/div>\n\n\n\n<div class=\"wp-block-column is-vertically-aligned-center is-layout-flow wp-block-column-is-layout-flow\" style=\"padding-top:20px;padding-right:0px;padding-bottom:20px;padding-left:0px\">\n<div class=\"wp-block-group is-content-justification-space-between is-nowrap is-layout-flex wp-container-core-group-is-layout-bb3dfb5c wp-block-group-is-layout-flex\">\n<figure class=\"wp-block-image size-full\"><img decoding=\"async\" src=\"https:\/\/demo.wpzoom.com\/inspiro-lite-blocks-xml\/wp-content\/themes\/inspiro-lite\/assets\/images\/laurel_left.png\" alt=\"\"\/><\/figure>\n\n\n\n<div class=\"wp-block-group is-layout-flow wp-block-group-is-layout-flow\">\n<p class=\"has-text-align-center has-white-color has-text-color\" style=\"font-size:clamp(14px, 0.875rem + ((1vw - 3.2px) * 0.354), 18px);line-height:1\">Asocia\u021bia ALUMNI FAA<\/p>\n<\/div>\n\n\n\n<figure class=\"wp-block-image size-full\"><img decoding=\"async\" src=\"https:\/\/demo.wpzoom.com\/inspiro-lite-blocks-xml\/wp-content\/themes\/inspiro-lite\/assets\/images\/laurel_right.png\" alt=\"\"\/><\/figure>\n<\/div>\n<\/div>\n\n\n\n<div class=\"wp-block-column is-vertically-aligned-center is-layout-flow wp-block-column-is-layout-flow\" style=\"padding-top:20px;padding-right:0px;padding-bottom:20px;padding-left:0px\">\n<div class=\"wp-block-group is-content-justification-space-between is-nowrap is-layout-flex wp-container-core-group-is-layout-bb3dfb5c wp-block-group-is-layout-flex\">\n<figure class=\"wp-block-image size-full\"><img decoding=\"async\" src=\"https:\/\/demo.wpzoom.com\/inspiro-lite-blocks-xml\/wp-content\/themes\/inspiro-lite\/assets\/images\/laurel_left.png\" alt=\"\"\/><\/figure>\n\n\n\n<div class=\"wp-block-group is-layout-flow wp-block-group-is-layout-flow\">\n<p class=\"has-text-align-center has-white-color has-text-color\" style=\"font-size:clamp(14px, 0.875rem + ((1vw - 3.2px) * 0.354), 18px);line-height:1\">Asocia\u021bia ALUMNI FAA<\/p>\n<\/div>\n\n\n\n<figure class=\"wp-block-image size-full\"><img decoding=\"async\" src=\"https:\/\/demo.wpzoom.com\/inspiro-lite-blocks-xml\/wp-content\/themes\/inspiro-lite\/assets\/images\/laurel_right.png\" alt=\"\"\/><\/figure>\n<\/div>\n<\/div>\n<\/div>\n<\/div>\n","protected":false},"excerpt":{"rendered":"<p>Oportunit\u0103\u021bi pe pia\u021ba muncii \u00cen aceast\u0103 sec\u021biune vor fi publicate oportunit\u0103\u021bi de angajare, internshipuri \u0219i stagii de practic\u0103 oferite de absolven\u021bi, parteneri \u0219i organiza\u021bii colaboratoare ale Facult\u0103\u021bii de Administra\u021bie \u0219i &hellip; <\/p>\n<p class=\"link-more\"><a href=\"https:\/\/alumni.faa.ro\/index.php\/about\/\" class=\"more-link\">Cite\u0219te mai multe<span class=\"screen-reader-text\">\u201eAbout\u201d<\/span><\/a><\/p>\n","protected":false},"author":1,"featured_media":0,"parent":0,"menu_order":0,"comment_status":"closed","ping_status":"closed","template":"page-templates\/full-width-no-title.php","meta":{"give_campaign_id":0,"inspiro_hide_title":false,"footnotes":""},"class_list":["post-5592","page","type-page","status-publish","hentry"],"campaignId":"","featured_media_urls":[],"_links":{"self":[{"href":"https:\/\/alumni.faa.ro\/index.php\/wp-json\/wp\/v2\/pages\/5592","targetHints":{"allow":["GET"]}}],"collection":[{"href":"https:\/\/alumni.faa.ro\/index.php\/wp-json\/wp\/v2\/pages"}],"about":[{"href":"https:\/\/alumni.faa.ro\/index.php\/wp-json\/wp\/v2\/types\/page"}],"author":[{"embeddable":true,"href":"https:\/\/alumni.faa.ro\/index.php\/wp-json\/wp\/v2\/users\/1"}],"replies":[{"embeddable":true,"href":"https:\/\/alumni.faa.ro\/index.php\/wp-json\/wp\/v2\/comments?post=5592"}],"version-history":[{"count":7,"href":"https:\/\/alumni.faa.ro\/index.php\/wp-json\/wp\/v2\/pages\/5592\/revisions"}],"predecessor-version":[{"id":7090,"href":"https:\/\/alumni.faa.ro\/index.php\/wp-json\/wp\/v2\/pages\/5592\/revisions\/7090"}],"wp:attachment":[{"href":"https:\/\/alumni.faa.ro\/index.php\/wp-json\/wp\/v2\/media?parent=5592"}],"curies":[{"name":"wp","href":"https:\/\/api.w.org\/{rel}","templated":true}]}}